{"id":59,"date":"2022-06-22T06:49:12","date_gmt":"2022-06-22T04:49:12","guid":{"rendered":"https:\/\/linea-ceramica.local\/?page_id=59"},"modified":"2023-11-27T15:51:14","modified_gmt":"2023-11-27T14:51:14","slug":"contact","status":"publish","type":"page","link":"https:\/\/linea-ceramica.be\/fr\/contact\/","title":{"rendered":"Contact"},"content":{"rendered":"\n<div class=\"acf-block acf-block-contact\" id=\"\" data-aos=\"fade-up\">\n    <div class=\"container-fluid\">\n        <div class=\"row\">\n            <div class=\"block__container col-sm-12 col-md-12 col-lg-12 col-xl-12\">\n                                    <h2 class=\"contact__title\">\n                        <strong>Discutons de votre projet <\/strong> <br><br>Visitez notre\u00a0showroom de 600m2 !                    <\/h2>\n                \n                                    <div class=\"contact__content\"><h4 class=\"content__title\"><strong><span style=\"font-size: 16px;\">Une question, un projet ? Laissez-nous un message et nous y r\u00e9pondrons dans les plus brefs d\u00e9lais !<\/span><\/strong><\/h4>\n<\/div>\n                \n                                    <div class=\"contact__form form\">\n                        <script charset=\"utf-8\" type=\"text\/javascript\" src=\"\/\/js.hsforms.net\/forms\/embed\/v2.js\"><\/script><script>\r\n\u00a0 hbspt.forms.create({\r\n\u00a0\u00a0\u00a0 region: \"na1\",\r\n\u00a0\u00a0\u00a0 portalId: \"9380496\",\r\n\u00a0\u00a0\u00a0 formId: \"477109d1-d28d-46ca-9f5d-caaa3b7794af\"\r\n\u00a0 });<\/script>                    <\/div>\n                            <\/div>\n        <\/div>\n    <\/div>\n<\/div>\n\n\n<div class=\"acf-block acf-block-content\" id=\"\" data-aos=\"fade-up\">\n    \n    <div class=\"container-fluid\">\n        <div class=\"row\">\n            <div class=\"block__container col-sm-12 col-md-12 col-lg-12 col-xl-12\">\n                                    \n                                            \n                        <div class=\"content-type__wrapper  content-type__image col-xs-12 col-md-6\">\n                                                            \n                                <div class=\"content__image \">\n                                    <img loading=\"lazy\" decoding=\"async\" width=\"934\" height=\"590\" src=\"https:\/\/linea-ceramica.be\/app\/uploads\/2022\/10\/ar1910047-1216x768-min.jpg\" class=\"attachment-full-size size-full-size\" alt=\"\" srcset=\"https:\/\/linea-ceramica.be\/app\/uploads\/2022\/10\/ar1910047-1216x768-min.jpg 934w, https:\/\/linea-ceramica.be\/app\/uploads\/2022\/10\/ar1910047-1216x768-min-300x190.jpg 300w, https:\/\/linea-ceramica.be\/app\/uploads\/2022\/10\/ar1910047-1216x768-min-768x485.jpg 768w\" sizes=\"auto, (max-width: 934px) 100vw, 934px\" \/>                                <\/div>\n                                                    <\/div>\n                                                        \n                                            \n                        <div class=\"content-type__wrapper  content-type__content col-xs-12 col-md-6\">\n                                                            \n                                <h2 class=\"content__title\">\n                                    Visitez notre <b>showroom de 600m2<\/b>                                <\/h2>\n\n                                                                    <div class=\"content__text\"><p><strong>Faites votre choix parmi une vari\u00e9t\u00e9 de carrelages haut de gamme, disponibles imm\u00e9diatement et sans rendez-vous !<\/strong><\/p>\n<p><strong>Horaires d&#8217;ouverture :<\/strong><\/p>\n<ul>\n<li>Lundi au vendredi de 9h \u00e0 18h30<\/li>\n<li>Samedi de 9h \u00e0 18h.<\/li>\n<\/ul>\n<\/div>\n                                \n                                <div class=\"content__footer\">\n                                                                            \n<section class=\"company-infos-container\">\n    \n    <ul class=\"company-infos list-unstyled\">\n        <li class=\"ci__address\">\n            <a href=\"https:\/\/www.google.com\/maps\/place\/Ninoofsesteenweg,+869+1703+Schepdaal \u2013 Dilbeek+Belgique\" target=\"_blank\" class=\"company-info action-link\">\n                Ninoofsesteenweg, 869<br>\n                1703                Schepdaal \u2013 Dilbeek\n                                    <br>Belgique                            <\/a>\n        <\/li>\n\n                <li class=\"ci__phone\">\n               <span>T.<\/span> <a href=\"tel:+3224101953\" class=\"company-info tracking-phone\">(+32) 2 410 19 53<\/a>\r\n         <\/li>\n        \n                    <li class=\"ci__email\">\n                <a href=\"mailto:info@lineaceramica.be\" class=\"company-info tracking-email\">info@lineaceramica.be<\/a>\n            <\/li>\n            <\/ul>\n<\/section>                                    \n                                                                    <\/div>\n                                                    <\/div>\n                                                <\/div>\n        <\/div>\n    <\/div>\n<\/div>\n\n\n\n<div class=\"acf-block acf-block-content\" id=\"\" data-aos=\"fade-up\">\n    \n    <div class=\"container-fluid\">\n        <div class=\"row\">\n            <div class=\"block__container col-sm-12 col-md-12 col-lg-12 col-xl-12\">\n                                    \n                                            \n                        <div class=\"content-type__wrapper  content-type__content col-xs-12 col-md-6\">\n                                                            \n                                <h2 class=\"content__title\">\n                                    D\u00e9couvrez <strong>nos stands<\/strong>                                <\/h2>\n\n                                                                    <div class=\"content__text\"><p>Linea Ceramica \u00e0 Batibouw et Cocoon !<\/p>\n<\/div>\n                                \n                                <div class=\"content__footer\">\n                                    \n                                                                            <a\n                                                href=\"\/fr\/nos-stands\/\"\n                                                class=\"btn btn-primary with-arrow\"\n                                                                                        >\n                                            Je d\u00e9couvre                                        <\/a>\n                                                                    <\/div>\n                                                    <\/div>\n                                                        \n                                            \n                        <div class=\"content-type__wrapper  content-type__image col-xs-12 col-md-6\">\n                                                            \n                                <div class=\"content__image \">\n                                    <img loading=\"lazy\" decoding=\"async\" width=\"800\" height=\"751\" src=\"https:\/\/linea-ceramica.be\/app\/uploads\/2022\/10\/cuisine-batibouw-2019-min.jpg\" class=\"attachment-full-size size-full-size\" alt=\"\" srcset=\"https:\/\/linea-ceramica.be\/app\/uploads\/2022\/10\/cuisine-batibouw-2019-min.jpg 800w, https:\/\/linea-ceramica.be\/app\/uploads\/2022\/10\/cuisine-batibouw-2019-min-300x282.jpg 300w, https:\/\/linea-ceramica.be\/app\/uploads\/2022\/10\/cuisine-batibouw-2019-min-768x721.jpg 768w\" sizes=\"auto, (max-width: 800px) 100vw, 800px\" \/>                                <\/div>\n                                                    <\/div>\n                                                <\/div>\n        <\/div>\n    <\/div>\n<\/div>\n","protected":false},"excerpt":{"rendered":"","protected":false},"author":1,"featured_media":0,"parent":0,"menu_order":0,"comment_status":"closed","ping_status":"closed","template":"","meta":{"_acf_changed":false,"content-type":"","footnotes":""},"class_list":["post-59","page","type-page","status-publish","hentry"],"acf":[],"yoast_head":"<!-- This site is optimized with the Yoast SEO plugin v26.6 - https:\/\/yoast.com\/wordpress\/plugins\/seo\/ -->\n<title>Contact | Linea Ceramica<\/title>\n<meta name=\"robots\" content=\"index, follow, max-snippet:-1, max-image-preview:large, max-video-preview:-1\" \/>\n<link rel=\"canonical\" href=\"https:\/\/linea-ceramica.be\/fr\/contact\/\" \/>\n<meta property=\"og:locale\" content=\"fr_FR\" \/>\n<meta property=\"og:type\" content=\"article\" \/>\n<meta property=\"og:title\" content=\"Contact | Linea Ceramica\" \/>\n<meta property=\"og:url\" content=\"https:\/\/linea-ceramica.be\/fr\/contact\/\" \/>\n<meta property=\"og:site_name\" content=\"Linea Ceramica\" \/>\n<meta property=\"article:modified_time\" content=\"2023-11-27T14:51:14+00:00\" \/>\n<meta name=\"twitter:card\" content=\"summary_large_image\" \/>\n<script type=\"application\/ld+json\" class=\"yoast-schema-graph\">{\"@context\":\"https:\/\/schema.org\",\"@graph\":[{\"@type\":\"WebPage\",\"@id\":\"https:\/\/linea-ceramica.be\/fr\/contact\/\",\"url\":\"https:\/\/linea-ceramica.be\/fr\/contact\/\",\"name\":\"Contact | Linea Ceramica\",\"isPartOf\":{\"@id\":\"https:\/\/linea-ceramica.be\/fr\/#website\"},\"datePublished\":\"2022-06-22T04:49:12+00:00\",\"dateModified\":\"2023-11-27T14:51:14+00:00\",\"breadcrumb\":{\"@id\":\"https:\/\/linea-ceramica.be\/fr\/contact\/#breadcrumb\"},\"inLanguage\":\"fr-BE\",\"potentialAction\":[{\"@type\":\"ReadAction\",\"target\":[\"https:\/\/linea-ceramica.be\/fr\/contact\/\"]}]},{\"@type\":\"BreadcrumbList\",\"@id\":\"https:\/\/linea-ceramica.be\/fr\/contact\/#breadcrumb\",\"itemListElement\":[{\"@type\":\"ListItem\",\"position\":1,\"name\":\"Home\",\"item\":\"https:\/\/linea-ceramica.be\/fr\/\"},{\"@type\":\"ListItem\",\"position\":2,\"name\":\"Contact\"}]},{\"@type\":\"WebSite\",\"@id\":\"https:\/\/linea-ceramica.be\/fr\/#website\",\"url\":\"https:\/\/linea-ceramica.be\/fr\/\",\"name\":\"Linea Ceramica\",\"description\":\"Un site utilisant WordPress\",\"publisher\":{\"@id\":\"https:\/\/linea-ceramica.be\/fr\/#organization\"},\"potentialAction\":[{\"@type\":\"SearchAction\",\"target\":{\"@type\":\"EntryPoint\",\"urlTemplate\":\"https:\/\/linea-ceramica.be\/fr\/?s={search_term_string}\"},\"query-input\":{\"@type\":\"PropertyValueSpecification\",\"valueRequired\":true,\"valueName\":\"search_term_string\"}}],\"inLanguage\":\"fr-BE\"},{\"@type\":\"Organization\",\"@id\":\"https:\/\/linea-ceramica.be\/fr\/#organization\",\"name\":\"Linea Ceramica\",\"url\":\"https:\/\/linea-ceramica.be\/fr\/\",\"logo\":{\"@type\":\"ImageObject\",\"inLanguage\":\"fr-BE\",\"@id\":\"https:\/\/linea-ceramica.be\/fr\/#\/schema\/logo\/image\/\",\"url\":\"https:\/\/linea-ceramica.be\/app\/uploads\/2022\/10\/dressing-6-1024x661.jpg\",\"contentUrl\":\"https:\/\/linea-ceramica.be\/app\/uploads\/2022\/10\/dressing-6-1024x661.jpg\",\"width\":1024,\"height\":661,\"caption\":\"Linea Ceramica\"},\"image\":{\"@id\":\"https:\/\/linea-ceramica.be\/fr\/#\/schema\/logo\/image\/\"}}]}<\/script>\n<!-- \/ Yoast SEO plugin. -->","yoast_head_json":{"title":"Contact | Linea Ceramica","robots":{"index":"index","follow":"follow","max-snippet":"max-snippet:-1","max-image-preview":"max-image-preview:large","max-video-preview":"max-video-preview:-1"},"canonical":"https:\/\/linea-ceramica.be\/fr\/contact\/","og_locale":"fr_FR","og_type":"article","og_title":"Contact | Linea Ceramica","og_url":"https:\/\/linea-ceramica.be\/fr\/contact\/","og_site_name":"Linea Ceramica","article_modified_time":"2023-11-27T14:51:14+00:00","twitter_card":"summary_large_image","schema":{"@context":"https:\/\/schema.org","@graph":[{"@type":"WebPage","@id":"https:\/\/linea-ceramica.be\/fr\/contact\/","url":"https:\/\/linea-ceramica.be\/fr\/contact\/","name":"Contact | Linea Ceramica","isPartOf":{"@id":"https:\/\/linea-ceramica.be\/fr\/#website"},"datePublished":"2022-06-22T04:49:12+00:00","dateModified":"2023-11-27T14:51:14+00:00","breadcrumb":{"@id":"https:\/\/linea-ceramica.be\/fr\/contact\/#breadcrumb"},"inLanguage":"fr-BE","potentialAction":[{"@type":"ReadAction","target":["https:\/\/linea-ceramica.be\/fr\/contact\/"]}]},{"@type":"BreadcrumbList","@id":"https:\/\/linea-ceramica.be\/fr\/contact\/#breadcrumb","itemListElement":[{"@type":"ListItem","position":1,"name":"Home","item":"https:\/\/linea-ceramica.be\/fr\/"},{"@type":"ListItem","position":2,"name":"Contact"}]},{"@type":"WebSite","@id":"https:\/\/linea-ceramica.be\/fr\/#website","url":"https:\/\/linea-ceramica.be\/fr\/","name":"Linea Ceramica","description":"Un site utilisant WordPress","publisher":{"@id":"https:\/\/linea-ceramica.be\/fr\/#organization"},"potentialAction":[{"@type":"SearchAction","target":{"@type":"EntryPoint","urlTemplate":"https:\/\/linea-ceramica.be\/fr\/?s={search_term_string}"},"query-input":{"@type":"PropertyValueSpecification","valueRequired":true,"valueName":"search_term_string"}}],"inLanguage":"fr-BE"},{"@type":"Organization","@id":"https:\/\/linea-ceramica.be\/fr\/#organization","name":"Linea Ceramica","url":"https:\/\/linea-ceramica.be\/fr\/","logo":{"@type":"ImageObject","inLanguage":"fr-BE","@id":"https:\/\/linea-ceramica.be\/fr\/#\/schema\/logo\/image\/","url":"https:\/\/linea-ceramica.be\/app\/uploads\/2022\/10\/dressing-6-1024x661.jpg","contentUrl":"https:\/\/linea-ceramica.be\/app\/uploads\/2022\/10\/dressing-6-1024x661.jpg","width":1024,"height":661,"caption":"Linea Ceramica"},"image":{"@id":"https:\/\/linea-ceramica.be\/fr\/#\/schema\/logo\/image\/"}}]}},"_links":{"self":[{"href":"https:\/\/linea-ceramica.be\/fr\/wp-json\/wp\/v2\/pages\/59","targetHints":{"allow":["GET"]}}],"collection":[{"href":"https:\/\/linea-ceramica.be\/fr\/wp-json\/wp\/v2\/pages"}],"about":[{"href":"https:\/\/linea-ceramica.be\/fr\/wp-json\/wp\/v2\/types\/page"}],"author":[{"embeddable":true,"href":"https:\/\/linea-ceramica.be\/fr\/wp-json\/wp\/v2\/users\/1"}],"replies":[{"embeddable":true,"href":"https:\/\/linea-ceramica.be\/fr\/wp-json\/wp\/v2\/comments?post=59"}],"version-history":[{"count":63,"href":"https:\/\/linea-ceramica.be\/fr\/wp-json\/wp\/v2\/pages\/59\/revisions"}],"predecessor-version":[{"id":4732,"href":"https:\/\/linea-ceramica.be\/fr\/wp-json\/wp\/v2\/pages\/59\/revisions\/4732"}],"wp:attachment":[{"href":"https:\/\/linea-ceramica.be\/fr\/wp-json\/wp\/v2\/media?parent=59"}],"curies":[{"name":"wp","href":"https:\/\/api.w.org\/{rel}","templated":true}]}}